{"id":22,"date":"2023-11-06T00:03:30","date_gmt":"2023-11-06T03:03:30","guid":{"rendered":"https:\/\/solucionarengenharia.com\/?page_id=22"},"modified":"2023-11-12T16:21:31","modified_gmt":"2023-11-12T19:21:31","slug":"politica-de-cookies-lgpd","status":"publish","type":"page","link":"https:\/\/solucionarengenharia.com\/index.php\/politica-de-cookies-lgpd\/","title":{"rendered":"Pol\u00edtica de Cookies &amp; LGPD"},"content":{"rendered":"\t\t<div data-elementor-type=\"wp-page\" data-elementor-id=\"22\" class=\"elementor elementor-22\">\n\t\t\t\t\t\t\t<div class=\"elementor-element elementor-element-36487da e-flex e-con-boxed e-con e-parent\" data-id=\"36487da\" data-element_type=\"container\" data-settings=\"{&quot;content_width&quot;:&quot;boxed&quot;}\" data-core-v316-plus=\"true\">\n\t\t\t\t\t<div class=\"e-con-inner\">\n\t\t\t\t<div class=\"elementor-element elementor-element-8aa8ed7 elementor-widget elementor-widget-heading\" data-id=\"8aa8ed7\" data-element_type=\"widget\" data-widget_type=\"heading.default\">\n\t\t\t\t<div class=\"elementor-widget-container\">\n\t\t\t<style>\/*! elementor - v3.17.0 - 01-11-2023 *\/\n.elementor-heading-title{padding:0;margin:0;line-height:1}.elementor-widget-heading .elementor-heading-title[class*=elementor-size-]>a{color:inherit;font-size:inherit;line-height:inherit}.elementor-widget-heading .elementor-heading-title.elementor-size-small{font-size:15px}.elementor-widget-heading .elementor-heading-title.elementor-size-medium{font-size:19px}.elementor-widget-heading .elementor-heading-title.elementor-size-large{font-size:29px}.elementor-widget-heading .elementor-heading-title.elementor-size-xl{font-size:39px}.elementor-widget-heading .elementor-heading-title.elementor-size-xxl{font-size:59px}<\/style><h2 class=\"elementor-heading-title elementor-size-default\">Pol\u00edtica de Cookies &amp; LGPD Solucionar Engenharia<br><\/h2>\t\t<\/div>\n\t\t\t\t<\/div>\n\t\t\t\t<div class=\"elementor-element elementor-element-87f51a4 elementor-widget elementor-widget-text-editor\" data-id=\"87f51a4\" data-element_type=\"widget\" data-widget_type=\"text-editor.default\">\n\t\t\t\t<div class=\"elementor-widget-container\">\n\t\t\t<style>\/*! elementor - v3.17.0 - 01-11-2023 *\/\n.elementor-widget-text-editor.elementor-drop-cap-view-stacked .elementor-drop-cap{background-color:#69727d;color:#fff}.elementor-widget-text-editor.elementor-drop-cap-view-framed .elementor-drop-cap{color:#69727d;border:3px solid;background-color:transparent}.elementor-widget-text-editor:not(.elementor-drop-cap-view-default) .elementor-drop-cap{margin-top:8px}.elementor-widget-text-editor:not(.elementor-drop-cap-view-default) .elementor-drop-cap-letter{width:1em;height:1em}.elementor-widget-text-editor .elementor-drop-cap{float:left;text-align:center;line-height:1;font-size:50px}.elementor-widget-text-editor .elementor-drop-cap-letter{display:inline-block}<\/style>\t\t\t\t<p><span style=\"font-weight: 400;\">Ao acessar e utilizar o site da Solucionar Engenharia, voc\u00ea concorda com os seguintes termos e condi\u00e7\u00f5es:<\/span><\/p><p><b>1-Propriedade Intelectual: <\/b><span style=\"font-weight: 400;\">Todo o conte\u00fado do site, incluindo textos, imagens, gr\u00e1ficos, logotipos e demais materiais, s\u00e3o propriedade exclusiva da Solucionar Engenharia e est\u00e3o protegidos por direitos autorais e outras leis de propriedade intelectual.<\/span><span style=\"font-weight: 400;\"><br \/><\/span><\/p><p><b>2-Uso Autorizado: <\/b><span style=\"font-weight: 400;\">O uso do site \u00e9 estritamente para fins informativos e n\u00e3o comerciais. Voc\u00ea n\u00e3o est\u00e1 autorizado a copiar, reproduzir, distribuir ou modificar qualquer parte do conte\u00fado sem permiss\u00e3o pr\u00e9via por escrito da Solucionar Engenharia.<\/span><\/p><p><b>3-Links para Outros Sites:<\/b><span style=\"font-weight: 400;\"> O site pode conter links para sites de terceiros. A Solucionar Engenharia n\u00e3o \u00e9 respons\u00e1vel pelo conte\u00fado ou pelas pr\u00e1ticas de privacidade desses sites externos.<\/span><\/p><p><b>4-Isen\u00e7\u00e3o de Responsabilidade:<\/b><span style=\"font-weight: 400;\"> O conte\u00fado do site \u00e9 fornecido apenas para fins informativos e pode conter informa\u00e7\u00f5es sujeitas a altera\u00e7\u00f5es. A Solucionar Engenharia n\u00e3o garante a precis\u00e3o, atualiza\u00e7\u00e3o ou completude do conte\u00fado.<\/span><\/p><p><b>5-Uso Adequado: <\/b><span style=\"font-weight: 400;\">Ao utilizar o site, voc\u00ea concorda em n\u00e3o enviar ou transmitir material ilegal, difamat\u00f3rio, ofensivo, prejudicial ou qualquer conte\u00fado que viole direitos de terceiros.<\/span><\/p><p><b>6-Coleta de Informa\u00e7\u00f5es: <\/b><span style=\"font-weight: 400;\">Ao preencher formul\u00e1rios ou entrar em contato conosco pelo site, voc\u00ea concorda com a coleta e o uso de suas informa\u00e7\u00f5es pessoais de acordo com nossa Pol\u00edtica de Privacidade.<\/span><\/p><p><b>7-Altera\u00e7\u00f5es nos Termos:<\/b><span style=\"font-weight: 400;\"> A Solucionar Engenharia reserva-se o direito de alterar ou atualizar estes Termos de Uso a qualquer momento, sem aviso pr\u00e9vio. \u00c9 sua responsabilidade revisar periodicamente esses termos.<\/span><\/p><p><b style=\"background-color: transparent; color: var( --e-global-color-text ); font-family: var( --e-global-typography-text-font-family ), Sans-serif;\">8-Limita\u00e7\u00e3o de Responsabilidade<\/b><span style=\"background-color: transparent; color: var( --e-global-color-text ); font-family: var( --e-global-typography-text-font-family ), Sans-serif;\">: A Solucionar Engenharia n\u00e3o se responsabiliza por quaisquer danos diretos, indiretos, consequenciais ou incidentais resultantes do uso ou impossibilidade de uso do site.<\/span><\/p><p><b>9-Jurisdi\u00e7\u00e3o: <\/b><span style=\"font-weight: 400;\">Estes Termos de Uso s\u00e3o regidos pelas leis da jurisdi\u00e7\u00e3o em que a Solucionar Engenharia est\u00e1 localizada, e quaisquer disputas relacionadas a esses termos ser\u00e3o tratadas nessa jurisdi\u00e7\u00e3o.<\/span><\/p><p>\u00a0<\/p><p><b><i>Ao continuar a utilizar o site da Solucionar Engenharia, voc\u00ea concorda com esses Termos de Uso. Se voc\u00ea n\u00e3o concorda com esses termos, por favor, n\u00e3o utilize o site. Se tiver alguma d\u00favida sobre esses termos, entre em contato conosco conforme indicado no site.<\/i><\/b><\/p>\t\t\t\t\t\t<\/div>\n\t\t\t\t<\/div>\n\t\t\t\t\t<\/div>\n\t\t\t\t<\/div>\n\t\t\t\t\t\t\t<\/div>\n\t\t","protected":false},"excerpt":{"rendered":"<p>Pol\u00edtica de Cookies &amp; LGPD Solucionar Engenharia Ao acessar e utilizar o site da Solucionar Engenharia, voc\u00ea concorda com os seguintes termos e condi\u00e7\u00f5es: 1-Propriedade Intelectual: Todo o conte\u00fado do site, incluindo textos, imagens, gr\u00e1ficos, logotipos e demais materiais, s\u00e3o propriedade exclusiva da Solucionar Engenharia e est\u00e3o protegidos por direitos autorais e outras leis de [&hellip;]<\/p>\n","protected":false},"author":1,"featured_media":0,"parent":0,"menu_order":0,"comment_status":"closed","ping_status":"closed","template":"elementor_header_footer","meta":{"footnotes":""},"class_list":["post-22","page","type-page","status-publish","hentry"],"_links":{"self":[{"href":"https:\/\/solucionarengenharia.com\/index.php\/wp-json\/wp\/v2\/pages\/22","targetHints":{"allow":["GET"]}}],"collection":[{"href":"https:\/\/solucionarengenharia.com\/index.php\/wp-json\/wp\/v2\/pages"}],"about":[{"href":"https:\/\/solucionarengenharia.com\/index.php\/wp-json\/wp\/v2\/types\/page"}],"author":[{"embeddable":true,"href":"https:\/\/solucionarengenharia.com\/index.php\/wp-json\/wp\/v2\/users\/1"}],"replies":[{"embeddable":true,"href":"https:\/\/solucionarengenharia.com\/index.php\/wp-json\/wp\/v2\/comments?post=22"}],"version-history":[{"count":28,"href":"https:\/\/solucionarengenharia.com\/index.php\/wp-json\/wp\/v2\/pages\/22\/revisions"}],"predecessor-version":[{"id":380,"href":"https:\/\/solucionarengenharia.com\/index.php\/wp-json\/wp\/v2\/pages\/22\/revisions\/380"}],"wp:attachment":[{"href":"https:\/\/solucionarengenharia.com\/index.php\/wp-json\/wp\/v2\/media?parent=22"}],"curies":[{"name":"wp","href":"https:\/\/api.w.org\/{rel}","templated":true}]}}