{"id":18,"date":"2023-11-06T00:01:23","date_gmt":"2023-11-06T03:01:23","guid":{"rendered":"https:\/\/solucionarengenharia.com\/?page_id=18"},"modified":"2023-11-12T16:21:28","modified_gmt":"2023-11-12T19:21:28","slug":"termos-de-uso","status":"publish","type":"page","link":"https:\/\/solucionarengenharia.com\/index.php\/termos-de-uso\/","title":{"rendered":"Termos de uso"},"content":{"rendered":"\t\t<div data-elementor-type=\"wp-page\" data-elementor-id=\"18\" class=\"elementor elementor-18\">\n\t\t\t\t\t\t\t<div class=\"elementor-element elementor-element-6f55e60 e-flex e-con-boxed e-con e-parent\" data-id=\"6f55e60\" data-element_type=\"container\" data-settings=\"{&quot;content_width&quot;:&quot;boxed&quot;}\" data-core-v316-plus=\"true\">\n\t\t\t\t\t<div class=\"e-con-inner\">\n\t\t<div class=\"elementor-element elementor-element-3d3a79d e-flex e-con-boxed e-con e-child\" data-id=\"3d3a79d\" data-element_type=\"container\" data-settings=\"{&quot;content_width&quot;:&quot;boxed&quot;}\">\n\t\t\t\t\t<div class=\"e-con-inner\">\n\t\t\t\t<div class=\"elementor-element elementor-element-9652ca2 elementor-widget elementor-widget-heading\" data-id=\"9652ca2\" data-element_type=\"widget\" data-widget_type=\"heading.default\">\n\t\t\t\t<div class=\"elementor-widget-container\">\n\t\t\t<style>\/*! elementor - v3.17.0 - 01-11-2023 *\/\n.elementor-heading-title{padding:0;margin:0;line-height:1}.elementor-widget-heading .elementor-heading-title[class*=elementor-size-]>a{color:inherit;font-size:inherit;line-height:inherit}.elementor-widget-heading .elementor-heading-title.elementor-size-small{font-size:15px}.elementor-widget-heading .elementor-heading-title.elementor-size-medium{font-size:19px}.elementor-widget-heading .elementor-heading-title.elementor-size-large{font-size:29px}.elementor-widget-heading .elementor-heading-title.elementor-size-xl{font-size:39px}.elementor-widget-heading .elementor-heading-title.elementor-size-xxl{font-size:59px}<\/style><h2 class=\"elementor-heading-title elementor-size-default\">Termos de uso do site da<br>Solucionar Engenharia<br><\/h2>\t\t<\/div>\n\t\t\t\t<\/div>\n\t\t\t\t<div class=\"elementor-element elementor-element-d98722e elementor-widget elementor-widget-text-editor\" data-id=\"d98722e\" data-element_type=\"widget\" data-widget_type=\"text-editor.default\">\n\t\t\t\t<div class=\"elementor-widget-container\">\n\t\t\t<style>\/*! elementor - v3.17.0 - 01-11-2023 *\/\n.elementor-widget-text-editor.elementor-drop-cap-view-stacked .elementor-drop-cap{background-color:#69727d;color:#fff}.elementor-widget-text-editor.elementor-drop-cap-view-framed .elementor-drop-cap{color:#69727d;border:3px solid;background-color:transparent}.elementor-widget-text-editor:not(.elementor-drop-cap-view-default) .elementor-drop-cap{margin-top:8px}.elementor-widget-text-editor:not(.elementor-drop-cap-view-default) .elementor-drop-cap-letter{width:1em;height:1em}.elementor-widget-text-editor .elementor-drop-cap{float:left;text-align:center;line-height:1;font-size:50px}.elementor-widget-text-editor .elementor-drop-cap-letter{display:inline-block}<\/style>\t\t\t\t<p><span style=\"font-weight: 400;\">Nossa Pol\u00edtica de Privacidade visa esclarecer como a Solucionar Engenharia, em conson\u00e2ncia com a Lei Geral de Prote\u00e7\u00e3o de Dados (LGPD), coleta, processa e protege os dados pessoais dos usu\u00e1rios de nosso site, destacando a import\u00e2ncia da privacidade e conformidade com regulamenta\u00e7\u00f5es.<\/span><\/p><p><b>Coleta e Tratamento de Dados<\/b><\/p><p><span style=\"font-weight: 400;\">Dados pessoais, tais como nome, e-mail, telefone e outras informa\u00e7\u00f5es pertinentes, podem ser coletados por meio de formul\u00e1rios presentes no site. O tratamento destes dados ocorre com a finalidade de responder a consultas, fornecer informa\u00e7\u00f5es sobre nossos servi\u00e7os, viabilizar agendamentos e remeter comunica\u00e7\u00f5es de cunho informativo.<\/span><\/p><p><b>Fundamento Legal e Compartilhamento<\/b><\/p><p><span style=\"font-weight: 400;\">O tratamento dos dados ocorre com base no consentimento do titular, cumprimento de obriga\u00e7\u00f5es legais, execu\u00e7\u00e3o de contratos ou leg\u00edtimo interesse. Dados pessoais n\u00e3o s\u00e3o comercializados e podem ser compartilhados apenas com terceiros quando essencial para a execu\u00e7\u00e3o de nossos servi\u00e7os.<\/span><\/p><p><b>Direitos do Titular<\/b><\/p><p><span style=\"font-weight: 400;\">O titular dos dados possui o direito de acessar, corrigir, excluir, solicitar portabilidade ou revogar o consentimento. A Solucionar Engenharia assegura a devida observ\u00e2ncia destes direitos.<\/span><\/p><p><b>Seguran\u00e7a e Cookies<\/b><\/p><p><span style=\"font-weight: 400;\">Medidas t\u00e9cnicas e organizacionais s\u00e3o adotadas para proteger os dados pessoais de acessos n\u00e3o autorizados ou uso indevido. Cookies podem ser utilizados para melhorar a experi\u00eancia do usu\u00e1rio, embora seja poss\u00edvel configurar o navegador para rejeit\u00e1-los.<\/span><\/p><p><b>Atualiza\u00e7\u00f5es e Contato<\/b><\/p><p><span style=\"font-weight: 400;\">A Pol\u00edtica de Privacidade pode ser revista periodicamente para refletir pr\u00e1ticas atualizadas. Para quest\u00f5es adicionais ou detalhes sobre o tratamento de seus dados pessoais, favor entrar em contato por meio das informa\u00e7\u00f5es de contato fornecidas no site.<\/span><\/p>\t\t\t\t\t\t<\/div>\n\t\t\t\t<\/div>\n\t\t\t\t\t<\/div>\n\t\t\t\t<\/div>\n\t\t\t\t\t<\/div>\n\t\t\t\t<\/div>\n\t\t\t\t\t\t\t<\/div>\n\t\t","protected":false},"excerpt":{"rendered":"<p>Termos de uso do site daSolucionar Engenharia Nossa Pol\u00edtica de Privacidade visa esclarecer como a Solucionar Engenharia, em conson\u00e2ncia com a Lei Geral de Prote\u00e7\u00e3o de Dados (LGPD), coleta, processa e protege os dados pessoais dos usu\u00e1rios de nosso site, destacando a import\u00e2ncia da privacidade e conformidade com regulamenta\u00e7\u00f5es. Coleta e Tratamento de Dados Dados [&hellip;]<\/p>\n","protected":false},"author":1,"featured_media":0,"parent":0,"menu_order":0,"comment_status":"closed","ping_status":"closed","template":"elementor_header_footer","meta":{"footnotes":""},"class_list":["post-18","page","type-page","status-publish","hentry"],"_links":{"self":[{"href":"https:\/\/solucionarengenharia.com\/index.php\/wp-json\/wp\/v2\/pages\/18","targetHints":{"allow":["GET"]}}],"collection":[{"href":"https:\/\/solucionarengenharia.com\/index.php\/wp-json\/wp\/v2\/pages"}],"about":[{"href":"https:\/\/solucionarengenharia.com\/index.php\/wp-json\/wp\/v2\/types\/page"}],"author":[{"embeddable":true,"href":"https:\/\/solucionarengenharia.com\/index.php\/wp-json\/wp\/v2\/users\/1"}],"replies":[{"embeddable":true,"href":"https:\/\/solucionarengenharia.com\/index.php\/wp-json\/wp\/v2\/comments?post=18"}],"version-history":[{"count":7,"href":"https:\/\/solucionarengenharia.com\/index.php\/wp-json\/wp\/v2\/pages\/18\/revisions"}],"predecessor-version":[{"id":377,"href":"https:\/\/solucionarengenharia.com\/index.php\/wp-json\/wp\/v2\/pages\/18\/revisions\/377"}],"wp:attachment":[{"href":"https:\/\/solucionarengenharia.com\/index.php\/wp-json\/wp\/v2\/media?parent=18"}],"curies":[{"name":"wp","href":"https:\/\/api.w.org\/{rel}","templated":true}]}}