{"id":16,"date":"2023-11-05T23:59:21","date_gmt":"2023-11-06T02:59:21","guid":{"rendered":"https:\/\/solucionarengenharia.com\/?page_id=16"},"modified":"2023-12-13T14:49:34","modified_gmt":"2023-12-13T17:49:34","slug":"galeria-de-projetos","status":"publish","type":"page","link":"https:\/\/solucionarengenharia.com\/index.php\/galeria-de-projetos\/","title":{"rendered":"Galeria de projetos"},"content":{"rendered":"\t\t<div data-elementor-type=\"wp-page\" data-elementor-id=\"16\" class=\"elementor elementor-16\">\n\t\t\t\t\t\t\t<div class=\"elementor-element elementor-element-3d86682 e-con-full elementor-hidden-tablet elementor-hidden-mobile e-flex e-con e-parent\" data-id=\"3d86682\" data-element_type=\"container\" data-settings=\"{&quot;content_width&quot;:&quot;full&quot;}\" data-core-v316-plus=\"true\">\n\t\t\t\t<div class=\"elementor-element elementor-element-32a5269 elementor-widget elementor-widget-image\" data-id=\"32a5269\" data-element_type=\"widget\" data-widget_type=\"image.default\">\n\t\t\t\t<div class=\"elementor-widget-container\">\n\t\t\t<style>\/*! elementor - v3.17.0 - 01-11-2023 *\/\n.elementor-widget-image{text-align:center}.elementor-widget-image a{display:inline-block}.elementor-widget-image a img[src$=\".svg\"]{width:48px}.elementor-widget-image img{vertical-align:middle;display:inline-block}<\/style>\t\t\t\t\t\t\t\t\t\t\t\t<img fetchpriority=\"high\" decoding=\"async\" width=\"2560\" height=\"1128\" src=\"https:\/\/solucionarengenharia.com\/wp-content\/uploads\/2023\/11\/projetos100-1-scaled.jpg\" class=\"attachment-full size-full wp-image-245\" alt=\"\" srcset=\"https:\/\/solucionarengenharia.com\/wp-content\/uploads\/2023\/11\/projetos100-1-scaled.jpg 2560w, https:\/\/solucionarengenharia.com\/wp-content\/uploads\/2023\/11\/projetos100-1-300x132.jpg 300w, https:\/\/solucionarengenharia.com\/wp-content\/uploads\/2023\/11\/projetos100-1-1024x451.jpg 1024w, https:\/\/solucionarengenharia.com\/wp-content\/uploads\/2023\/11\/projetos100-1-768x338.jpg 768w, https:\/\/solucionarengenharia.com\/wp-content\/uploads\/2023\/11\/projetos100-1-1536x677.jpg 1536w, https:\/\/solucionarengenharia.com\/wp-content\/uploads\/2023\/11\/projetos100-1-2048x902.jpg 2048w\" sizes=\"(max-width: 2560px) 100vw, 2560px\" \/>\t\t\t\t\t\t\t\t\t\t\t\t\t\t\t<\/div>\n\t\t\t\t<\/div>\n\t\t\t\t<\/div>\n\t\t<div class=\"elementor-element elementor-element-0033b59 e-con-full elementor-hidden-desktop e-flex e-con e-parent\" data-id=\"0033b59\" data-element_type=\"container\" data-settings=\"{&quot;content_width&quot;:&quot;full&quot;}\" data-core-v316-plus=\"true\">\n\t\t\t\t<div class=\"elementor-element elementor-element-a1fc9a3 elementor-widget elementor-widget-image\" data-id=\"a1fc9a3\" data-element_type=\"widget\" data-widget_type=\"image.default\">\n\t\t\t\t<div class=\"elementor-widget-container\">\n\t\t\t\t\t\t\t\t\t\t\t\t\t\t\t<img decoding=\"async\" width=\"720\" height=\"898\" src=\"https:\/\/solucionarengenharia.com\/wp-content\/uploads\/2023\/11\/Banner_Projetos-MOB.jpg\" class=\"attachment-full size-full wp-image-524\" alt=\"\" srcset=\"https:\/\/solucionarengenharia.com\/wp-content\/uploads\/2023\/11\/Banner_Projetos-MOB.jpg 720w, https:\/\/solucionarengenharia.com\/wp-content\/uploads\/2023\/11\/Banner_Projetos-MOB-241x300.jpg 241w\" sizes=\"(max-width: 720px) 100vw, 720px\" \/>\t\t\t\t\t\t\t\t\t\t\t\t\t\t\t<\/div>\n\t\t\t\t<\/div>\n\t\t\t\t<\/div>\n\t\t<div class=\"elementor-element elementor-element-9f6c171 e-con-full e-flex e-con e-parent\" data-id=\"9f6c171\" data-element_type=\"container\" data-settings=\"{&quot;content_width&quot;:&quot;full&quot;}\" data-core-v316-plus=\"true\">\n\t\t\t\t<div class=\"elementor-element elementor-element-9f0f3c5 elementor-widget elementor-widget-heading\" data-id=\"9f0f3c5\" data-element_type=\"widget\" data-widget_type=\"heading.default\">\n\t\t\t\t<div class=\"elementor-widget-container\">\n\t\t\t<style>\/*! elementor - v3.17.0 - 01-11-2023 *\/\n.elementor-heading-title{padding:0;margin:0;line-height:1}.elementor-widget-heading .elementor-heading-title[class*=elementor-size-]>a{color:inherit;font-size:inherit;line-height:inherit}.elementor-widget-heading .elementor-heading-title.elementor-size-small{font-size:15px}.elementor-widget-heading .elementor-heading-title.elementor-size-medium{font-size:19px}.elementor-widget-heading .elementor-heading-title.elementor-size-large{font-size:29px}.elementor-widget-heading .elementor-heading-title.elementor-size-xl{font-size:39px}.elementor-widget-heading .elementor-heading-title.elementor-size-xxl{font-size:59px}<\/style><h2 class=\"elementor-heading-title elementor-size-default\">GALERIA DE PROJETOS<\/h2>\t\t<\/div>\n\t\t\t\t<\/div>\n\t\t\t\t<div class=\"elementor-element elementor-element-b440b00 elementor-widget elementor-widget-text-editor\" data-id=\"b440b00\" data-element_type=\"widget\" data-widget_type=\"text-editor.default\">\n\t\t\t\t<div class=\"elementor-widget-container\">\n\t\t\t<style>\/*! elementor - v3.17.0 - 01-11-2023 *\/\n.elementor-widget-text-editor.elementor-drop-cap-view-stacked .elementor-drop-cap{background-color:#69727d;color:#fff}.elementor-widget-text-editor.elementor-drop-cap-view-framed .elementor-drop-cap{color:#69727d;border:3px solid;background-color:transparent}.elementor-widget-text-editor:not(.elementor-drop-cap-view-default) .elementor-drop-cap{margin-top:8px}.elementor-widget-text-editor:not(.elementor-drop-cap-view-default) .elementor-drop-cap-letter{width:1em;height:1em}.elementor-widget-text-editor .elementor-drop-cap{float:left;text-align:center;line-height:1;font-size:50px}.elementor-widget-text-editor .elementor-drop-cap-letter{display:inline-block}<\/style>\t\t\t\t<p>Explore nossa galeria de projetos nos mais diversos setores, e descubra como a Solucionar transforma ambientes com solu\u00e7\u00f5es exclusivas de alta qualidade para cada cen\u00e1rio.<\/p>\t\t\t\t\t\t<\/div>\n\t\t\t\t<\/div>\n\t\t\t\t<\/div>\n\t\t<div class=\"elementor-element elementor-element-b3ab474 e-flex e-con-boxed e-con e-parent\" data-id=\"b3ab474\" data-element_type=\"container\" data-settings=\"{&quot;content_width&quot;:&quot;boxed&quot;}\" data-core-v316-plus=\"true\">\n\t\t\t\t\t<div class=\"e-con-inner\">\n\t\t\t\t<div class=\"elementor-element elementor-element-ec437bc eael-fg-hoverer-content-align-left elementor-widget elementor-widget-eael-filterable-gallery\" data-id=\"ec437bc\" data-element_type=\"widget\" data-settings=\"{&quot;pagination&quot;:&quot;false&quot;}\" data-widget_type=\"eael-filterable-gallery.default\">\n\t\t\t\t<div class=\"elementor-widget-container\">\n\t\t\t<style id=\"eael-fg-inline-css-ec437bc\">@media only screen and (max-width: 2399px) {\n\t\t\t\t\t.elementor-element.elementor-element-ec437bc .eael-filterable-gallery-item-wrap {\n\t\t\t\t\t        width: 50%;\n\t\t\t\t\t    }\n\t\t\t\t\t}@media only screen and (max-width: 1024px) {\n\t\t\t\t\t.elementor-element.elementor-element-ec437bc  .eael-filterable-gallery-item-wrap {\n\t\t\t\t\t        width: 50%;\n\t\t\t\t\t    }\n\t\t\t\t\t}@media only screen and (max-width: 767px) {\n\t\t\t\t\t.elementor-element.elementor-element-ec437bc  .eael-filterable-gallery-item-wrap {\n\t\t\t\t\t        width: 100%;\n\t\t\t\t\t    }\n\t\t\t\t\t}<\/style>        <div id=\"eael-filter-gallery-wrapper-ec437bc\" class=\"eael-filter-gallery-wrapper\" data-layout-mode=\"hoverer\" data-mfp_caption=\"yes\" data-breakpoints=\"{&quot;mobile&quot;:{&quot;label&quot;:&quot;Celular em modo retrato&quot;,&quot;value&quot;:767,&quot;default_value&quot;:767,&quot;direction&quot;:&quot;max&quot;,&quot;is_enabled&quot;:true},&quot;mobile_extra&quot;:{&quot;label&quot;:&quot;Celular em modo paisagem&quot;,&quot;value&quot;:880,&quot;default_value&quot;:880,&quot;direction&quot;:&quot;max&quot;,&quot;is_enabled&quot;:true},&quot;tablet&quot;:{&quot;label&quot;:&quot;Tablet Retrato&quot;,&quot;value&quot;:1024,&quot;default_value&quot;:1024,&quot;direction&quot;:&quot;max&quot;,&quot;is_enabled&quot;:true},&quot;tablet_extra&quot;:{&quot;label&quot;:&quot;Paisagem do tablet&quot;,&quot;value&quot;:1440,&quot;default_value&quot;:1200,&quot;direction&quot;:&quot;max&quot;,&quot;is_enabled&quot;:false},&quot;laptop&quot;:{&quot;label&quot;:&quot;Laptop&quot;,&quot;value&quot;:1366,&quot;default_value&quot;:1366,&quot;direction&quot;:&quot;max&quot;,&quot;is_enabled&quot;:false},&quot;widescreen&quot;:{&quot;label&quot;:&quot;Widescreen&quot;,&quot;value&quot;:2400,&quot;default_value&quot;:2400,&quot;direction&quot;:&quot;min&quot;,&quot;is_enabled&quot;:false}}\" data-default_control_key=\"0\" data-custom_default_control=\"\">\n            \n                        <div class=\"eael-filter-gallery-control\">\n                <ul><li data-load-more-status=\"0\" data-first-init=\"1\" class=\"control all-control  active \" data-filter=\"*\">Todos<\/li><li id=Feira S\u00e3o Paulo data-load-more-status=\"0\" data-first-init=\"0\"\n                        class=\"control \" data-filter=\".eael-cf-feira-s\u00e3o-paulo\">Feira S\u00e3o Paulo<\/li><li id=Maracana\u00fa data-load-more-status=\"0\" data-first-init=\"0\"\n                        class=\"control \" data-filter=\".eael-cf-maracana\u00fa\">Maracana\u00fa<\/li><li id=Paulo Afonso data-load-more-status=\"0\" data-first-init=\"0\"\n                        class=\"control \" data-filter=\".eael-cf-paulo-afonso\">Paulo Afonso<\/li><li id=Vit\u00f3ria da Conquista data-load-more-status=\"0\" data-first-init=\"0\"\n                        class=\"control \" data-filter=\".eael-cf-vit\u00f3ria-da-conquista\">Vit\u00f3ria da Conquista<\/li><li id=Jo\u00e3o Pessoa data-load-more-status=\"0\" data-first-init=\"0\"\n                        class=\"control \" data-filter=\".eael-cf-jo\u00e3o-pessoa\">Jo\u00e3o Pessoa<\/li><li id=Feira de Santana data-load-more-status=\"0\" data-first-init=\"0\"\n                        class=\"control \" data-filter=\".eael-cf-feira-de-santana\">Feira de Santana<\/li><\/ul>\n            <\/div>\n            \n            <div class=\"eael-filter-gallery-container eael-filter-gallery-grid\" data-images-per-page=\"\" data-total-gallery-items=\"6\" data-nomore-item-text=\"\" data-settings=\"{&quot;grid_style&quot;:&quot;grid&quot;,&quot;popup&quot;:&quot;none&quot;,&quot;duration&quot;:500,&quot;gallery_enabled&quot;:&quot;&quot;,&quot;video_gallery_yt_privacy&quot;:&quot;&quot;,&quot;control_all_text&quot;:&quot;Todos&quot;,&quot;post_id&quot;:16,&quot;widget_id&quot;:&quot;ec437bc&quot;}\" data-search-all=\"\" data-gallery-items=\"[&quot;\\u003Cdiv class=\\u0022eael-filterable-gallery-item-wrap eael-cf-feira-s\u00e3o-paulo\\u0022\\u003E\\n\\t\\t\\t\\t\\u003Cdiv class=\\u0022eael-gallery-grid-item\\u0022\\u003E\\u003Ca href=\\u0022https:\\\/\\\/solucionarengenharia.com\\\/index.php\\\/galeria-feira-sao-paulo\\\/\\u0022\\u003E\\u003Cdiv class=\\u0022gallery-item-thumbnail-wrap\\u0022\\u003E\\u003Cimg src=\\u0022http:\\\/\\\/solucionarengenharia.com\\\/wp-content\\\/uploads\\\/2023\\\/11\\\/IMG-20231001-WA0008.jpg\\u0022 data-lazy-src=\\u0022http:\\\/\\\/solucionarengenharia.com\\\/wp-content\\\/uploads\\\/2023\\\/11\\\/IMG-20231001-WA0008.jpg\\u0022 alt=\\u0022\\u0022 class=\\u0022gallery-item-thumbnail\\u0022\\u003E\\u003C\\\/div\\u003E\\u003Cdiv class=\\u0022gallery-item-caption-wrap caption-style-hoverer eael-zoom-in\\u0022\\u003E\\u003Cdiv class=\\u0022gallery-item-hoverer-bg\\u0022\\u003E\\u003C\\\/div\\u003E\\u003Cdiv class=\\u0022gallery-item-caption-over\\u0022\\u003E\\u003Ca href=\\u0022https:\\\/\\\/solucionarengenharia.com\\\/index.php\\\/galeria-feira-sao-paulo\\\/\\u0022\\u003E\\u003Ch5 class=\\u0022fg-item-title\\u0022\\u003EFeira S\u00e3o Paulo\\u003C\\\/h5\\u003E\\u003C\\\/a\\u003E\\u003C\\\/div\\u003E\\u003C\\\/div\\u003E\\u003C\\\/a\\u003E\\u003C\\\/a\\u003E\\u003C\\\/div\\u003E\\u003C\\\/div\\u003E&quot;,&quot;\\u003Cdiv class=\\u0022eael-filterable-gallery-item-wrap eael-cf-maracana\u00fa\\u0022\\u003E\\n\\t\\t\\t\\t\\u003Cdiv class=\\u0022eael-gallery-grid-item\\u0022\\u003E\\u003Ca href=\\u0022https:\\\/\\\/solucionarengenharia.com\\\/index.php\\\/galeria-maracanau\\\/\\u0022\\u003E\\u003Cdiv class=\\u0022gallery-item-thumbnail-wrap\\u0022\\u003E\\u003Cimg src=\\u0022http:\\\/\\\/solucionarengenharia.com\\\/wp-content\\\/uploads\\\/2023\\\/11\\\/20230904_071041-scaled.jpg\\u0022 data-lazy-src=\\u0022http:\\\/\\\/solucionarengenharia.com\\\/wp-content\\\/uploads\\\/2023\\\/11\\\/20230904_071041-scaled.jpg\\u0022 alt=\\u0022\\u0022 class=\\u0022gallery-item-thumbnail\\u0022\\u003E\\u003C\\\/div\\u003E\\u003Cdiv class=\\u0022gallery-item-caption-wrap caption-style-hoverer eael-zoom-in\\u0022\\u003E\\u003Cdiv class=\\u0022gallery-item-hoverer-bg\\u0022\\u003E\\u003C\\\/div\\u003E\\u003Cdiv class=\\u0022gallery-item-caption-over\\u0022\\u003E\\u003Ca href=\\u0022https:\\\/\\\/solucionarengenharia.com\\\/index.php\\\/galeria-maracanau\\\/\\u0022\\u003E\\u003Ch5 class=\\u0022fg-item-title\\u0022\\u003EMaracana\u00fa\\u003C\\\/h5\\u003E\\u003C\\\/a\\u003E\\u003C\\\/div\\u003E\\u003C\\\/div\\u003E\\u003C\\\/a\\u003E\\u003C\\\/a\\u003E\\u003C\\\/div\\u003E\\u003C\\\/div\\u003E&quot;,&quot;\\u003Cdiv class=\\u0022eael-filterable-gallery-item-wrap eael-cf-paulo-afonso\\u0022\\u003E\\n\\t\\t\\t\\t\\u003Cdiv class=\\u0022eael-gallery-grid-item\\u0022\\u003E\\u003Ca href=\\u0022https:\\\/\\\/solucionarengenharia.com\\\/index.php\\\/galeria-paulo-afonso\\\/\\u0022\\u003E\\u003Cdiv class=\\u0022gallery-item-thumbnail-wrap\\u0022\\u003E\\u003Cimg src=\\u0022http:\\\/\\\/solucionarengenharia.com\\\/wp-content\\\/uploads\\\/2023\\\/11\\\/20230808_105932-scaled.jpg\\u0022 data-lazy-src=\\u0022http:\\\/\\\/solucionarengenharia.com\\\/wp-content\\\/uploads\\\/2023\\\/11\\\/20230808_105932-scaled.jpg\\u0022 alt=\\u0022\\u0022 class=\\u0022gallery-item-thumbnail\\u0022\\u003E\\u003C\\\/div\\u003E\\u003Cdiv class=\\u0022gallery-item-caption-wrap caption-style-hoverer eael-zoom-in\\u0022\\u003E\\u003Cdiv class=\\u0022gallery-item-hoverer-bg\\u0022\\u003E\\u003C\\\/div\\u003E\\u003Cdiv class=\\u0022gallery-item-caption-over\\u0022\\u003E\\u003Ca href=\\u0022https:\\\/\\\/solucionarengenharia.com\\\/index.php\\\/galeria-paulo-afonso\\\/\\u0022\\u003E\\u003Ch5 class=\\u0022fg-item-title\\u0022\\u003EPaulo Afonso\\u003C\\\/h5\\u003E\\u003C\\\/a\\u003E\\u003C\\\/div\\u003E\\u003C\\\/div\\u003E\\u003C\\\/a\\u003E\\u003C\\\/a\\u003E\\u003C\\\/div\\u003E\\u003C\\\/div\\u003E&quot;,&quot;\\u003Cdiv class=\\u0022eael-filterable-gallery-item-wrap eael-cf-feira-de-santana\\u0022\\u003E\\n\\t\\t\\t\\t\\u003Cdiv class=\\u0022eael-gallery-grid-item\\u0022\\u003E\\u003Ca href=\\u0022https:\\\/\\\/solucionarengenharia.com\\\/index.php\\\/galeria-feira-de-santana\\\/\\u0022\\u003E\\u003Cdiv class=\\u0022gallery-item-thumbnail-wrap\\u0022\\u003E\\u003Cimg src=\\u0022http:\\\/\\\/solucionarengenharia.com\\\/wp-content\\\/uploads\\\/2023\\\/11\\\/IMG_1539-1-scaled.jpg\\u0022 data-lazy-src=\\u0022http:\\\/\\\/solucionarengenharia.com\\\/wp-content\\\/uploads\\\/2023\\\/11\\\/IMG_1539-1-scaled.jpg\\u0022 alt=\\u0022\\u0022 class=\\u0022gallery-item-thumbnail\\u0022\\u003E\\u003C\\\/div\\u003E\\u003Cdiv class=\\u0022gallery-item-caption-wrap caption-style-hoverer eael-zoom-in\\u0022\\u003E\\u003Cdiv class=\\u0022gallery-item-hoverer-bg\\u0022\\u003E\\u003C\\\/div\\u003E\\u003Cdiv class=\\u0022gallery-item-caption-over\\u0022\\u003E\\u003Ca href=\\u0022https:\\\/\\\/solucionarengenharia.com\\\/index.php\\\/galeria-feira-de-santana\\\/\\u0022\\u003E\\u003Ch5 class=\\u0022fg-item-title\\u0022\\u003EFeira de Santana\\u003C\\\/h5\\u003E\\u003C\\\/a\\u003E\\u003C\\\/div\\u003E\\u003C\\\/div\\u003E\\u003C\\\/a\\u003E\\u003C\\\/a\\u003E\\u003C\\\/div\\u003E\\u003C\\\/div\\u003E&quot;,&quot;\\u003Cdiv class=\\u0022eael-filterable-gallery-item-wrap\\u0022\\u003E\\n\\t\\t\\t\\t\\u003Cdiv class=\\u0022eael-gallery-grid-item\\u0022\\u003E\\u003Ca href=\\u0022#\\u0022\\u003E\\u003Cdiv class=\\u0022gallery-item-thumbnail-wrap\\u0022\\u003E\\u003Cimg src=\\u0022https:\\\/\\\/solucionarengenharia.com\\\/wp-content\\\/plugins\\\/essential-addons-for-elementor-lite\\\/\\\/assets\\\/front-end\\\/img\\\/flexia-preview.jpg\\u0022 data-lazy-src=\\u0022https:\\\/\\\/solucionarengenharia.com\\\/wp-content\\\/plugins\\\/essential-addons-for-elementor-lite\\\/\\\/assets\\\/front-end\\\/img\\\/flexia-preview.jpg\\u0022 alt=\\u0022\\u0022 class=\\u0022gallery-item-thumbnail\\u0022\\u003E\\u003C\\\/div\\u003E\\u003Cdiv class=\\u0022gallery-item-caption-wrap caption-style-hoverer eael-zoom-in\\u0022\\u003E\\u003Cdiv class=\\u0022gallery-item-hoverer-bg\\u0022\\u003E\\u003C\\\/div\\u003E\\u003Cdiv class=\\u0022gallery-item-caption-over\\u0022\\u003E\\u003Ca href=\\u0022#\\u0022\\u003E\\u003Ch5 class=\\u0022fg-item-title\\u0022\\u003EGallery Item Name\\u003C\\\/h5\\u003E\\u003C\\\/a\\u003E\\u003Cdiv class=\\u0022fg-item-content\\u0022\\u003E\\u003Cp\\u003ELorem ipsum dolor sit amet, consectetur adipisicing elit. Quidem, provident.\\u003C\\\/p\\u003E\\n\\u003C\\\/div\\u003E\\u003C\\\/div\\u003E\\u003C\\\/div\\u003E\\u003C\\\/a\\u003E\\u003C\\\/a\\u003E\\u003C\\\/div\\u003E\\u003C\\\/div\\u003E&quot;,&quot;\\u003Cdiv class=\\u0022eael-filterable-gallery-item-wrap\\u0022\\u003E\\n\\t\\t\\t\\t\\u003Cdiv class=\\u0022eael-gallery-grid-item\\u0022\\u003E\\u003Ca href=\\u0022#\\u0022\\u003E\\u003Cdiv class=\\u0022gallery-item-thumbnail-wrap\\u0022\\u003E\\u003Cimg src=\\u0022https:\\\/\\\/solucionarengenharia.com\\\/wp-content\\\/plugins\\\/essential-addons-for-elementor-lite\\\/\\\/assets\\\/front-end\\\/img\\\/flexia-preview.jpg\\u0022 data-lazy-src=\\u0022https:\\\/\\\/solucionarengenharia.com\\\/wp-content\\\/plugins\\\/essential-addons-for-elementor-lite\\\/\\\/assets\\\/front-end\\\/img\\\/flexia-preview.jpg\\u0022 alt=\\u0022\\u0022 class=\\u0022gallery-item-thumbnail\\u0022\\u003E\\u003C\\\/div\\u003E\\u003Cdiv class=\\u0022gallery-item-caption-wrap caption-style-hoverer eael-zoom-in\\u0022\\u003E\\u003Cdiv class=\\u0022gallery-item-hoverer-bg\\u0022\\u003E\\u003C\\\/div\\u003E\\u003Cdiv class=\\u0022gallery-item-caption-over\\u0022\\u003E\\u003Ca href=\\u0022#\\u0022\\u003E\\u003Ch5 class=\\u0022fg-item-title\\u0022\\u003EGallery Item Name\\u003C\\\/h5\\u003E\\u003C\\\/a\\u003E\\u003Cdiv class=\\u0022fg-item-content\\u0022\\u003E\\u003Cp\\u003ELorem ipsum dolor sit amet, consectetur adipisicing elit. Quidem, provident.\\u003C\\\/p\\u003E\\n\\u003C\\\/div\\u003E\\u003C\\\/div\\u003E\\u003C\\\/div\\u003E\\u003C\\\/a\\u003E\\u003C\\\/a\\u003E\\u003C\\\/div\\u003E\\u003C\\\/div\\u003E&quot;]\" data-init-show=\"4\">\n                <div class=\"eael-filterable-gallery-item-wrap eael-cf-feira-s\u00e3o-paulo\">\n\t\t\t\t<div class=\"eael-gallery-grid-item\"><a href=\"https:\/\/solucionarengenharia.com\/index.php\/galeria-feira-sao-paulo\/\"><div class=\"gallery-item-thumbnail-wrap\"><img decoding=\"async\" src=\"http:\/\/solucionarengenharia.com\/wp-content\/uploads\/2023\/11\/IMG-20231001-WA0008.jpg\" data-lazy-src=\"http:\/\/solucionarengenharia.com\/wp-content\/uploads\/2023\/11\/IMG-20231001-WA0008.jpg\" alt=\"\" class=\"gallery-item-thumbnail\"><\/div><div class=\"gallery-item-caption-wrap caption-style-hoverer eael-zoom-in\"><div class=\"gallery-item-hoverer-bg\"><\/div><div class=\"gallery-item-caption-over\"><a href=\"https:\/\/solucionarengenharia.com\/index.php\/galeria-feira-sao-paulo\/\"><h5 class=\"fg-item-title\">Feira S\u00e3o Paulo<\/h5><\/a><\/div><\/div><\/a><\/a><\/div><\/div><div class=\"eael-filterable-gallery-item-wrap eael-cf-maracana\u00fa\">\n\t\t\t\t<div class=\"eael-gallery-grid-item\"><a href=\"https:\/\/solucionarengenharia.com\/index.php\/galeria-maracanau\/\"><div class=\"gallery-item-thumbnail-wrap\"><img decoding=\"async\" src=\"http:\/\/solucionarengenharia.com\/wp-content\/uploads\/2023\/11\/20230904_071041-scaled.jpg\" data-lazy-src=\"http:\/\/solucionarengenharia.com\/wp-content\/uploads\/2023\/11\/20230904_071041-scaled.jpg\" alt=\"\" class=\"gallery-item-thumbnail\"><\/div><div class=\"gallery-item-caption-wrap caption-style-hoverer eael-zoom-in\"><div class=\"gallery-item-hoverer-bg\"><\/div><div class=\"gallery-item-caption-over\"><a href=\"https:\/\/solucionarengenharia.com\/index.php\/galeria-maracanau\/\"><h5 class=\"fg-item-title\">Maracana\u00fa<\/h5><\/a><\/div><\/div><\/a><\/a><\/div><\/div><div class=\"eael-filterable-gallery-item-wrap eael-cf-paulo-afonso\">\n\t\t\t\t<div class=\"eael-gallery-grid-item\"><a href=\"https:\/\/solucionarengenharia.com\/index.php\/galeria-paulo-afonso\/\"><div class=\"gallery-item-thumbnail-wrap\"><img decoding=\"async\" src=\"http:\/\/solucionarengenharia.com\/wp-content\/uploads\/2023\/11\/20230808_105932-scaled.jpg\" data-lazy-src=\"http:\/\/solucionarengenharia.com\/wp-content\/uploads\/2023\/11\/20230808_105932-scaled.jpg\" alt=\"\" class=\"gallery-item-thumbnail\"><\/div><div class=\"gallery-item-caption-wrap caption-style-hoverer eael-zoom-in\"><div class=\"gallery-item-hoverer-bg\"><\/div><div class=\"gallery-item-caption-over\"><a href=\"https:\/\/solucionarengenharia.com\/index.php\/galeria-paulo-afonso\/\"><h5 class=\"fg-item-title\">Paulo Afonso<\/h5><\/a><\/div><\/div><\/a><\/a><\/div><\/div><div class=\"eael-filterable-gallery-item-wrap eael-cf-feira-de-santana\">\n\t\t\t\t<div class=\"eael-gallery-grid-item\"><a href=\"https:\/\/solucionarengenharia.com\/index.php\/galeria-feira-de-santana\/\"><div class=\"gallery-item-thumbnail-wrap\"><img decoding=\"async\" src=\"http:\/\/solucionarengenharia.com\/wp-content\/uploads\/2023\/11\/IMG_1539-1-scaled.jpg\" data-lazy-src=\"http:\/\/solucionarengenharia.com\/wp-content\/uploads\/2023\/11\/IMG_1539-1-scaled.jpg\" alt=\"\" class=\"gallery-item-thumbnail\"><\/div><div class=\"gallery-item-caption-wrap caption-style-hoverer eael-zoom-in\"><div class=\"gallery-item-hoverer-bg\"><\/div><div class=\"gallery-item-caption-over\"><a href=\"https:\/\/solucionarengenharia.com\/index.php\/galeria-feira-de-santana\/\"><h5 class=\"fg-item-title\">Feira de Santana<\/h5><\/a><\/div><\/div><\/a><\/a><\/div><\/div>            <\/div>\n            \n                    <\/div>\n        \n        \t\t<\/div>\n\t\t\t\t<\/div>\n\t\t\t\t\t<\/div>\n\t\t\t\t<\/div>\n\t\t\t\t\t\t\t<\/div>\n\t\t","protected":false},"excerpt":{"rendered":"<p>GALERIA DE PROJETOS Explore nossa galeria de projetos nos mais diversos setores, e descubra como a Solucionar transforma ambientes com solu\u00e7\u00f5es exclusivas de alta qualidade para cada cen\u00e1rio. Todos Feira S\u00e3o Paulo Maracana\u00fa Paulo Afonso Vit\u00f3ria da Conquista Jo\u00e3o Pessoa Feira de Santana Feira S\u00e3o Paulo Maracana\u00fa Paulo Afonso Feira de Santana<\/p>\n","protected":false},"author":1,"featured_media":0,"parent":0,"menu_order":0,"comment_status":"closed","ping_status":"closed","template":"elementor_header_footer","meta":{"footnotes":""},"class_list":["post-16","page","type-page","status-publish","hentry"],"_links":{"self":[{"href":"https:\/\/solucionarengenharia.com\/index.php\/wp-json\/wp\/v2\/pages\/16","targetHints":{"allow":["GET"]}}],"collection":[{"href":"https:\/\/solucionarengenharia.com\/index.php\/wp-json\/wp\/v2\/pages"}],"about":[{"href":"https:\/\/solucionarengenharia.com\/index.php\/wp-json\/wp\/v2\/types\/page"}],"author":[{"embeddable":true,"href":"https:\/\/solucionarengenharia.com\/index.php\/wp-json\/wp\/v2\/users\/1"}],"replies":[{"embeddable":true,"href":"https:\/\/solucionarengenharia.com\/index.php\/wp-json\/wp\/v2\/comments?post=16"}],"version-history":[{"count":65,"href":"https:\/\/solucionarengenharia.com\/index.php\/wp-json\/wp\/v2\/pages\/16\/revisions"}],"predecessor-version":[{"id":957,"href":"https:\/\/solucionarengenharia.com\/index.php\/wp-json\/wp\/v2\/pages\/16\/revisions\/957"}],"wp:attachment":[{"href":"https:\/\/solucionarengenharia.com\/index.php\/wp-json\/wp\/v2\/media?parent=16"}],"curies":[{"name":"wp","href":"https:\/\/api.w.org\/{rel}","templated":true}]}}